{"id":44,"date":"2019-04-07T18:23:23","date_gmt":"2019-04-07T16:23:23","guid":{"rendered":"http:\/\/axessrail.fr\/?page_id=44"},"modified":"2021-02-03T18:51:50","modified_gmt":"2021-02-03T17:51:50","slug":"contact","status":"publish","type":"page","link":"https:\/\/axessrail.fr\/index.php\/contact\/","title":{"rendered":"Contact"},"content":{"rendered":"\n<ul><li>Contact@axessrail.fr<\/li><\/ul>\n\n\n\n<ul><li>29, Rue du Vallon, 49122 B\u00e9grolles-en-Mauges<\/li><\/ul>\n\n\n\n<ul><li>T\u00e9l. : 07 50 59 27 22 (Fabrice VIGNERON,  G\u00e9rant)<\/li><\/ul>\n\n\n\n<p><\/p>\n","protected":false},"excerpt":{"rendered":"<p>Contact@axessrail.fr 29, Rue du Vallon, 49122 B\u00e9grolles-en-Mauges T\u00e9l. : 07 50 59 27 22 (Fabrice VIGNERON, G\u00e9rant)<\/p>\n","protected":false},"author":1,"featured_media":0,"parent":0,"menu_order":0,"comment_status":"closed","ping_status":"closed","template":"","meta":[],"_links":{"self":[{"href":"https:\/\/axessrail.fr\/index.php\/wp-json\/wp\/v2\/pages\/44"}],"collection":[{"href":"https:\/\/axessrail.fr\/index.php\/wp-json\/wp\/v2\/pages"}],"about":[{"href":"https:\/\/axessrail.fr\/index.php\/wp-json\/wp\/v2\/types\/page"}],"author":[{"embeddable":true,"href":"https:\/\/axessrail.fr\/index.php\/wp-json\/wp\/v2\/users\/1"}],"replies":[{"embeddable":true,"href":"https:\/\/axessrail.fr\/index.php\/wp-json\/wp\/v2\/comments?post=44"}],"version-history":[{"count":4,"href":"https:\/\/axessrail.fr\/index.php\/wp-json\/wp\/v2\/pages\/44\/revisions"}],"predecessor-version":[{"id":114,"href":"https:\/\/axessrail.fr\/index.php\/wp-json\/wp\/v2\/pages\/44\/revisions\/114"}],"wp:attachment":[{"href":"https:\/\/axessrail.fr\/index.php\/wp-json\/wp\/v2\/media?parent=44"}],"curies":[{"name":"wp","href":"https:\/\/api.w.org\/{rel}","templated":true}]}}