{"id":45,"date":"2019-04-07T18:23:23","date_gmt":"2019-04-07T16:23:23","guid":{"rendered":"http:\/\/axessrail.fr\/?page_id=45"},"modified":"2019-04-07T19:11:45","modified_gmt":"2019-04-07T17:11:45","slug":"nos-competences","status":"publish","type":"page","link":"https:\/\/axessrail.fr\/index.php\/nos-competences\/","title":{"rendered":"Nos comp\u00e9tences"},"content":{"rendered":"\n<ul><li>Contr\u00f4le Qualit\u00e9<\/li><\/ul>\n\n\n\n<ul><li>Topographie<\/li><\/ul>\n\n\n\n<ul><li>Conception des projets lin\u00e9aires ferroviaires<\/li><\/ul>\n\n\n\n<ul><li>Etudes Ex\u00e9cution ferroviaires<\/li><\/ul>\n\n\n\n<p><\/p>\n","protected":false},"excerpt":{"rendered":"<p>Contr\u00f4le Qualit\u00e9 Topographie Conception des projets lin\u00e9aires ferroviaires Etudes Ex\u00e9cution ferroviaires<\/p>\n","protected":false},"author":1,"featured_media":58,"parent":0,"menu_order":0,"comment_status":"closed","ping_status":"closed","template":"","meta":[],"_links":{"self":[{"href":"https:\/\/axessrail.fr\/index.php\/wp-json\/wp\/v2\/pages\/45"}],"collection":[{"href":"https:\/\/axessrail.fr\/index.php\/wp-json\/wp\/v2\/pages"}],"about":[{"href":"https:\/\/axessrail.fr\/index.php\/wp-json\/wp\/v2\/types\/page"}],"author":[{"embeddable":true,"href":"https:\/\/axessrail.fr\/index.php\/wp-json\/wp\/v2\/users\/1"}],"replies":[{"embeddable":true,"href":"https:\/\/axessrail.fr\/index.php\/wp-json\/wp\/v2\/comments?post=45"}],"version-history":[{"count":5,"href":"https:\/\/axessrail.fr\/index.php\/wp-json\/wp\/v2\/pages\/45\/revisions"}],"predecessor-version":[{"id":64,"href":"https:\/\/axessrail.fr\/index.php\/wp-json\/wp\/v2\/pages\/45\/revisions\/64"}],"wp:featuredmedia":[{"embeddable":true,"href":"https:\/\/axessrail.fr\/index.php\/wp-json\/wp\/v2\/media\/58"}],"wp:attachment":[{"href":"https:\/\/axessrail.fr\/index.php\/wp-json\/wp\/v2\/media?parent=45"}],"curies":[{"name":"wp","href":"https:\/\/api.w.org\/{rel}","templated":true}]}}