{"id":70,"date":"2019-04-07T19:37:31","date_gmt":"2019-04-07T17:37:31","guid":{"rendered":"http:\/\/axessrail.fr\/?page_id=70"},"modified":"2019-04-07T20:30:54","modified_gmt":"2019-04-07T18:30:54","slug":"controleur-qualite","status":"publish","type":"page","link":"https:\/\/axessrail.fr\/index.php\/controleur-qualite\/","title":{"rendered":"Contr\u00f4leur Qualit\u00e9"},"content":{"rendered":"\n<p>Votre mission consiste \u00e0 r\u00e9aliser\nles contr\u00f4les de production des chantiers ferroviaires. <\/p>\n\n\n\n<p>Les comp\u00e9tences minimums demand\u00e9es\npour ce poste sont&nbsp;:<\/p>\n\n\n\n<p>&#8211; Ma\u00eetriser Excel <\/p>\n\n\n\n<p>&#8211; Exp\u00e9rience du milieu ferroviaire<\/p>\n\n\n\n<p>&#8211; Autonomie, adaptation,\nsens des responsabilit\u00e9s, esprit logique, esprit d\u2019\u00e9quipe<\/p>\n\n\n\n<p>&#8211; Permis B<\/p>\n\n\n\n<p>Les comp\u00e9tences suivantes\nseraient un plus :<\/p>\n\n\n\n<p>&#8211; Editer un Plan d\u2019Assurance\nQualit\u00e9<\/p>\n\n\n\n<p>&#8211; Constituer une DOE<\/p>\n\n\n\n<p>&#8211; Exp\u00e9rience de gestion\nd\u2019\u00e9quipes<\/p>\n\n\n\n<p>Le salaire est \u00e0 n\u00e9gocier\nen fonction du profil du candidat.<\/p>\n\n\n\n<p>Une indemnit\u00e9 de grand\nd\u00e9placement et un v\u00e9hicule de service seront fournis.<\/p>\n\n\n\n<p>Type d\u2019emploi : CDI<\/p>\n\n\n\n<p>Lieu : Les chantiers ont\nlieu \u00e0 travers toute la France.<\/p>\n","protected":false},"excerpt":{"rendered":"<p>Votre mission consiste \u00e0 r\u00e9aliser les contr\u00f4les de production des chantiers ferroviaires. Les comp\u00e9tences minimums demand\u00e9es pour ce poste sont&nbsp;: &#8211; Ma\u00eetriser Excel &#8211; Exp\u00e9rience du milieu ferroviaire &#8211; Autonomie, adaptation, sens des responsabilit\u00e9s, esprit logique, esprit d\u2019\u00e9quipe &#8211; Permis B Les comp\u00e9tences suivantes seraient un plus : &#8211; Editer un Plan d\u2019Assurance Qualit\u00e9 &#8211; [&hellip;]<\/p>\n","protected":false},"author":1,"featured_media":0,"parent":0,"menu_order":0,"comment_status":"closed","ping_status":"closed","template":"","meta":[],"_links":{"self":[{"href":"https:\/\/axessrail.fr\/index.php\/wp-json\/wp\/v2\/pages\/70"}],"collection":[{"href":"https:\/\/axessrail.fr\/index.php\/wp-json\/wp\/v2\/pages"}],"about":[{"href":"https:\/\/axessrail.fr\/index.php\/wp-json\/wp\/v2\/types\/page"}],"author":[{"embeddable":true,"href":"https:\/\/axessrail.fr\/index.php\/wp-json\/wp\/v2\/users\/1"}],"replies":[{"embeddable":true,"href":"https:\/\/axessrail.fr\/index.php\/wp-json\/wp\/v2\/comments?post=70"}],"version-history":[{"count":3,"href":"https:\/\/axessrail.fr\/index.php\/wp-json\/wp\/v2\/pages\/70\/revisions"}],"predecessor-version":[{"id":97,"href":"https:\/\/axessrail.fr\/index.php\/wp-json\/wp\/v2\/pages\/70\/revisions\/97"}],"wp:attachment":[{"href":"https:\/\/axessrail.fr\/index.php\/wp-json\/wp\/v2\/media?parent=70"}],"curies":[{"name":"wp","href":"https:\/\/api.w.org\/{rel}","templated":true}]}}