{"id":71,"date":"2019-04-07T19:37:31","date_gmt":"2019-04-07T17:37:31","guid":{"rendered":"http:\/\/axessrail.fr\/?page_id=71"},"modified":"2021-02-15T17:01:56","modified_gmt":"2021-02-15T16:01:56","slug":"technicien-geometre","status":"publish","type":"page","link":"https:\/\/axessrail.fr\/index.php\/technicien-geometre\/","title":{"rendered":"Technicien Topographe ferroviare"},"content":{"rendered":"\n<p>Les missions d\u2019un technicien topographe chez Axess Rail sont diverses et s\u2019effectue sur tout le territoire national\u00a0: Lev\u00e9 topographique de voies ferr\u00e9es et de points de rejets, implantation d\u2019appareil de voie, r\u00e9glage instantan\u00e9 de voie b\u00e9tonn\u00e9e, r\u00e9glage de voies sur potelets, lev\u00e9s de r\u00e9colement de voies ferr\u00e9es.<\/p>\n\n\n\n<p>Le poste comprend \u00e9galement les calculs topom\u00e9triques de pr\u00e9cisions, le DAO des lev\u00e9s sur plan DWG, la conception des projets lin\u00e9aires ferroviaires, l\u2019\u00e9tablissement des listings des cotes th\u00e9oriques des rejets.<\/p>\n\n\n\n<p>Pour ce poste les comp\u00e9tences suivantes sont obligatoires :<\/p>\n\n\n\n<p>&#8211; Ma\u00eetrise du mat\u00e9riel topographique (station totale)<\/p>\n\n\n\n<p>&#8211; Compr\u00e9hension totale des bases de la topographie (cheminement, orientation, rel\u00e8vement, Auto-contr\u00f4les, etc\u2026)<\/p>\n\n\n\n<p>&#8211; Autonomie, adaptation, sens des responsabilit\u00e9s, esprit logique<\/p>\n\n\n\n<p>&#8211; Permis B<\/p>\n\n\n\n<p>Les comp\u00e9tences suivantes seraient un plus :<\/p>\n\n\n\n<p>&#8211; Ma\u00eetrise de logiciel DAO (Autocad\/COVADIS\/ZWCAD\/RD12)<\/p>\n\n\n\n<p>&#8211; Ma\u00eetrise des calculs topom\u00e9triques<\/p>\n\n\n\n<p>&#8211; Exp\u00e9rience du milieu ferroviaire<\/p>\n\n\n\n<p>Le salaire est \u00e0 n\u00e9gocier en fonction du profil du candidat. Indemnit\u00e9 de d\u00e9placement. Ordinateur, t\u00e9l\u00e9phone portable et v\u00e9hicule de service mis \u00e0 disposition.<\/p>\n\n\n\n<p>Type d\u2019emploi : CDI<\/p>\n\n\n\n<p>Lieu : D\u00e9placement dans tout le territoire national.<\/p>\n","protected":false},"excerpt":{"rendered":"<p>Les missions d\u2019un technicien topographe chez Axess Rail sont diverses et s\u2019effectue sur tout le territoire national\u00a0: Lev\u00e9 topographique de voies ferr\u00e9es et de points de rejets, implantation d\u2019appareil de voie, r\u00e9glage instantan\u00e9 de voie b\u00e9tonn\u00e9e, r\u00e9glage de voies sur potelets, lev\u00e9s de r\u00e9colement de voies ferr\u00e9es. Le poste comprend \u00e9galement les calculs topom\u00e9triques de [&hellip;]<\/p>\n","protected":false},"author":1,"featured_media":0,"parent":0,"menu_order":0,"comment_status":"closed","ping_status":"closed","template":"","meta":[],"_links":{"self":[{"href":"https:\/\/axessrail.fr\/index.php\/wp-json\/wp\/v2\/pages\/71"}],"collection":[{"href":"https:\/\/axessrail.fr\/index.php\/wp-json\/wp\/v2\/pages"}],"about":[{"href":"https:\/\/axessrail.fr\/index.php\/wp-json\/wp\/v2\/types\/page"}],"author":[{"embeddable":true,"href":"https:\/\/axessrail.fr\/index.php\/wp-json\/wp\/v2\/users\/1"}],"replies":[{"embeddable":true,"href":"https:\/\/axessrail.fr\/index.php\/wp-json\/wp\/v2\/comments?post=71"}],"version-history":[{"count":5,"href":"https:\/\/axessrail.fr\/index.php\/wp-json\/wp\/v2\/pages\/71\/revisions"}],"predecessor-version":[{"id":127,"href":"https:\/\/axessrail.fr\/index.php\/wp-json\/wp\/v2\/pages\/71\/revisions\/127"}],"wp:attachment":[{"href":"https:\/\/axessrail.fr\/index.php\/wp-json\/wp\/v2\/media?parent=71"}],"curies":[{"name":"wp","href":"https:\/\/api.w.org\/{rel}","templated":true}]}}